{"id":398,"date":"2020-03-17T08:52:03","date_gmt":"2020-03-17T08:52:03","guid":{"rendered":"https:\/\/xpertwp.com\/sobre-mi\/"},"modified":"2022-02-24T17:58:18","modified_gmt":"2022-02-24T17:58:18","slug":"sobre-mi","status":"publish","type":"page","link":"https:\/\/xpertwp.com\/es\/sobre-mi\/","title":{"rendered":"Sobre m\u00ed"},"content":{"rendered":"\n<div class=\"wp-block-themeisle-blocks-advanced-columns has-1-columns has-desktop-equal-layout has-tablet-equal-layout has-mobile-equal-layout has-default-gap has-vertical-unset\" id=\"wp-block-themeisle-blocks-advanced-columns-8f033244\"><div class=\"wp-block-themeisle-blocks-advanced-columns-overlay\"><\/div><div class=\"innerblocks-wrap\">\n<div class=\"wp-block-themeisle-blocks-advanced-column\" id=\"wp-block-themeisle-blocks-advanced-column-e91c38f4\">\n<h4 id=\"wp-block-themeisle-blocks-advanced-heading-657f30c6\" class=\"wp-block-themeisle-blocks-advanced-heading wp-block-themeisle-blocks-advanced-heading-657f30c6\"> Vamos a quedar <\/h4>\n\n\n\n<h1 id=\"wp-block-themeisle-blocks-advanced-heading-49bdce45\" class=\"wp-block-themeisle-blocks-advanced-heading wp-block-themeisle-blocks-advanced-heading-49bdce45\"> Sobre m\u00ed <\/h1>\n<\/div>\n<\/div><\/div>\n\n<div class=\"wp-block-themeisle-blocks-advanced-columns has-2-columns has-desktop-equal-layout has-tablet-equal-layout has-mobile-collapsedRows-layout has-default-gap has-vertical-unset\" id=\"wp-block-themeisle-blocks-advanced-columns-e025784c\"><div class=\"wp-block-themeisle-blocks-advanced-columns-overlay\"><\/div><div class=\"innerblocks-wrap\">\n<div class=\"wp-block-themeisle-blocks-advanced-column\" id=\"wp-block-themeisle-blocks-advanced-column-f8e1eaab\">\n<h2 id=\"wp-block-themeisle-blocks-advanced-heading-1a6378f1\" class=\"wp-block-themeisle-blocks-advanced-heading wp-block-themeisle-blocks-advanced-heading-1a6378f1\">NOTAS PERSONALES<\/h2>\n\n\n\n<p>El desarrollo web ha sido mi pasi\u00f3n durante los \u00faltimos 10 a\u00f1os. Es una plataforma muy din\u00e1mica y est\u00e1 en constante transici\u00f3n. Utilizo las \u00faltimas herramientas y estrategias para maximizar el tr\u00e1fico y es por eso que concentro muchos esfuerzos en el lado de SEO.<\/p>\n\n\n\n<div style=\"height:20px\" aria-hidden=\"true\" class=\"wp-block-spacer\"><\/div>\n\n\n\n<div id=\"wp-block-themeisle-blocks-button-group-e76e8009\" class=\"wp-block-themeisle-blocks-button-group wp-block-button\"><a href=\"https:\/\/xpertwp.com\/portfolio\/\" target=\"_self\" class=\"wp-block-themeisle-blocks-button wp-block-themeisle-blocks-button-0 wp-block-button__link\" rel=\"noopener noreferrer\"><span> View Portfolio <\/span><\/a><\/div>\n<\/div>\n\n\n\n<div class=\"wp-block-themeisle-blocks-advanced-column\" id=\"wp-block-themeisle-blocks-advanced-column-e47ee2c3\">\n<figure class=\"wp-block-image size-full is-resized\"><img decoding=\"async\" src=\"data:image\/gif;base64,R0lGODlhAQABAIAAAAAAAP\/\/\/yH5BAEAAAAALAAAAAABAAEAAAIBRAA7\" data-src=\"https:\/\/xpertwp.com\/wp-content\/uploads\/2022\/01\/Web-development-2.0.jpg.webp\" alt=\"\" class=\"wp-image-383 lazyload\" width=\"567\" height=\"317\"\/><noscript><img decoding=\"async\" src=\"https:\/\/xpertwp.com\/wp-content\/uploads\/2022\/01\/Web-development-2.0.jpg.webp\" alt=\"\" class=\"wp-image-383 lazyload\" width=\"567\" height=\"317\" srcset=\"https:\/\/xpertwp.com\/wp-content\/uploads\/2022\/01\/Web-development-2.0.jpg.webp 1000w, https:\/\/xpertwp.com\/wp-content\/uploads\/2022\/01\/Web-development-2.0.jpg-300x168.webp 300w, https:\/\/xpertwp.com\/wp-content\/uploads\/2022\/01\/Web-development-2.0.jpg-768x430.webp 768w\" sizes=\"(max-width: 567px) 100vw, 567px\" \/><\/noscript><\/figure>\n<\/div>\n<\/div><\/div>\n\n<div class=\"wp-block-themeisle-blocks-advanced-columns has-6-columns has-desktop-equal-layout has-tablet-equal-layout has-mobile-collapsedRows-layout has-default-gap has-vertical-unset\" id=\"wp-block-themeisle-blocks-advanced-columns-02dd68a6\"><div class=\"wp-block-themeisle-blocks-advanced-columns-overlay\"><\/div><div class=\"innerblocks-wrap\">\n<div class=\"wp-block-themeisle-blocks-advanced-column\" id=\"wp-block-themeisle-blocks-advanced-column-913073ac\">\n<p class=\"wp-block-themeisle-blocks-font-awesome-icons\" id=\"wp-block-themeisle-blocks-font-awesome-icons-f0076271\"><span class=\"wp-block-themeisle-blocks-font-awesome-icons-container\"><i class=\"fab fa-wordpress\"><\/i><\/span><\/p>\n<\/div>\n\n\n\n<div class=\"wp-block-themeisle-blocks-advanced-column\" id=\"wp-block-themeisle-blocks-advanced-column-032e9f86\">\n<p class=\"wp-block-themeisle-blocks-font-awesome-icons\" id=\"wp-block-themeisle-blocks-font-awesome-icons-9cc0dd70\"><span class=\"wp-block-themeisle-blocks-font-awesome-icons-container\"><i class=\"fab fa-php\"><\/i><\/span><\/p>\n<\/div>\n\n\n\n<div class=\"wp-block-themeisle-blocks-advanced-column\" id=\"wp-block-themeisle-blocks-advanced-column-2d497459\">\n<p class=\"wp-block-themeisle-blocks-font-awesome-icons\" id=\"wp-block-themeisle-blocks-font-awesome-icons-ffdd472c\"><span class=\"wp-block-themeisle-blocks-font-awesome-icons-container\"><i class=\"fab fa-html5\"><\/i><\/span><\/p>\n<\/div>\n\n\n\n<div class=\"wp-block-themeisle-blocks-advanced-column\" id=\"wp-block-themeisle-blocks-advanced-column-43128157\">\n<p class=\"wp-block-themeisle-blocks-font-awesome-icons\" id=\"wp-block-themeisle-blocks-font-awesome-icons-c9428e36\"><span class=\"wp-block-themeisle-blocks-font-awesome-icons-container\"><i class=\"fab fa-css3\"><\/i><\/span><\/p>\n<\/div>\n\n\n\n<div class=\"wp-block-themeisle-blocks-advanced-column\" id=\"wp-block-themeisle-blocks-advanced-column-d0848a09\">\n<p class=\"wp-block-themeisle-blocks-font-awesome-icons\" id=\"wp-block-themeisle-blocks-font-awesome-icons-a4396a6f\"><span class=\"wp-block-themeisle-blocks-font-awesome-icons-container\"><i class=\"fab fa-js\"><\/i><\/span><\/p>\n<\/div>\n\n\n\n<div class=\"wp-block-themeisle-blocks-advanced-column\" id=\"wp-block-themeisle-blocks-advanced-column-beba115e\">\n<p class=\"wp-block-themeisle-blocks-font-awesome-icons\" id=\"wp-block-themeisle-blocks-font-awesome-icons-7e69119d\"><span class=\"wp-block-themeisle-blocks-font-awesome-icons-container\"><i class=\"fab fa-jsfiddle\"><\/i><\/span><\/p>\n<\/div>\n<\/div><\/div>\n\n<div class=\"wp-block-themeisle-blocks-advanced-columns has-3-columns has-desktop-equal-layout has-tablet-equal-layout has-mobile-collapsedRows-layout has-default-gap has-vertical-unset\" id=\"wp-block-themeisle-blocks-advanced-columns-7788132a\"><div class=\"wp-block-themeisle-blocks-advanced-columns-overlay\"><\/div><div class=\"innerblocks-wrap\">\n<div class=\"wp-block-themeisle-blocks-advanced-column\" id=\"wp-block-themeisle-blocks-advanced-column-e8772b0c\">\n<figure class=\"wp-block-image size-large\"><img decoding=\"async\" src=\"data:image\/gif;base64,R0lGODlhAQABAIAAAAAAAP\/\/\/yH5BAEAAAAALAAAAAABAAEAAAIBRAA7\" data-src=\"https:\/\/xpertwp.com\/wp-content\/uploads\/2019\/09\/neve-freelancer-14.jpg\" alt=\"\" class=\"wp-image-61 lazyload\"\/><noscript><img decoding=\"async\" width=\"360\" height=\"400\" src=\"https:\/\/xpertwp.com\/wp-content\/uploads\/2019\/09\/neve-freelancer-14.jpg\" alt=\"\" class=\"wp-image-61 lazyload\" srcset=\"https:\/\/xpertwp.com\/wp-content\/uploads\/2019\/09\/neve-freelancer-14.jpg 360w, https:\/\/xpertwp.com\/wp-content\/uploads\/2019\/09\/neve-freelancer-14-270x300.jpg 270w, https:\/\/xpertwp.com\/wp-content\/uploads\/2019\/09\/neve-freelancer-14-11x12.jpg 11w\" sizes=\"(max-width: 360px) 100vw, 360px\" \/><\/noscript><\/figure>\n<\/div>\n\n\n\n<div class=\"wp-block-themeisle-blocks-advanced-column\" id=\"wp-block-themeisle-blocks-advanced-column-f2effe84\">\n<figure class=\"wp-block-image size-large\"><img decoding=\"async\" src=\"data:image\/gif;base64,R0lGODlhAQABAIAAAAAAAP\/\/\/yH5BAEAAAAALAAAAAABAAEAAAIBRAA7\" data-src=\"https:\/\/xpertwp.com\/wp-content\/uploads\/2019\/09\/neve-freelancer-01.jpg\" alt=\"\" class=\"wp-image-48 lazyload\"\/><noscript><img decoding=\"async\" width=\"360\" height=\"400\" src=\"https:\/\/xpertwp.com\/wp-content\/uploads\/2019\/09\/neve-freelancer-01.jpg\" alt=\"\" class=\"wp-image-48 lazyload\" srcset=\"https:\/\/xpertwp.com\/wp-content\/uploads\/2019\/09\/neve-freelancer-01.jpg 360w, https:\/\/xpertwp.com\/wp-content\/uploads\/2019\/09\/neve-freelancer-01-270x300.jpg 270w, https:\/\/xpertwp.com\/wp-content\/uploads\/2019\/09\/neve-freelancer-01-11x12.jpg 11w\" sizes=\"(max-width: 360px) 100vw, 360px\" \/><\/noscript><\/figure>\n<\/div>\n\n\n\n<div class=\"wp-block-themeisle-blocks-advanced-column\" id=\"wp-block-themeisle-blocks-advanced-column-e0e015d3\">\n<figure class=\"wp-block-image size-large\"><img decoding=\"async\" src=\"data:image\/gif;base64,R0lGODlhAQABAIAAAAAAAP\/\/\/yH5BAEAAAAALAAAAAABAAEAAAIBRAA7\" data-src=\"https:\/\/xpertwp.com\/wp-content\/uploads\/2019\/09\/neve-freelancer-03.jpg\" alt=\"\" class=\"wp-image-50 lazyload\"\/><noscript><img decoding=\"async\" width=\"360\" height=\"400\" src=\"https:\/\/xpertwp.com\/wp-content\/uploads\/2019\/09\/neve-freelancer-03.jpg\" alt=\"\" class=\"wp-image-50 lazyload\" srcset=\"https:\/\/xpertwp.com\/wp-content\/uploads\/2019\/09\/neve-freelancer-03.jpg 360w, https:\/\/xpertwp.com\/wp-content\/uploads\/2019\/09\/neve-freelancer-03-270x300.jpg 270w, https:\/\/xpertwp.com\/wp-content\/uploads\/2019\/09\/neve-freelancer-03-11x12.jpg 11w\" sizes=\"(max-width: 360px) 100vw, 360px\" \/><\/noscript><\/figure>\n<\/div>\n<\/div><\/div>\n\n<div class=\"wp-block-themeisle-blocks-advanced-columns has-1-columns has-desktop-equal-layout has-tablet-equal-layout has-mobile-equal-layout has-default-gap has-vertical-unset\" id=\"wp-block-themeisle-blocks-advanced-columns-7e0eaaa1\"><div class=\"wp-block-themeisle-blocks-advanced-columns-overlay\"><\/div><div class=\"innerblocks-wrap\">\n<div class=\"wp-block-themeisle-blocks-advanced-column\" id=\"wp-block-themeisle-blocks-advanced-column-5d3aeeb3\">\n<h4 id=\"wp-block-themeisle-blocks-advanced-heading-8608f2ed\" class=\"wp-block-themeisle-blocks-advanced-heading wp-block-themeisle-blocks-advanced-heading-8608f2ed\"> <strong>\u00bfNECESITAS AYUDA CON TU PROYECTO?<\/strong><\/h4>\n\n\n\n<h2 id=\"wp-block-themeisle-blocks-advanced-heading-321c6eb4\" class=\"wp-block-themeisle-blocks-advanced-heading wp-block-themeisle-blocks-advanced-heading-321c6eb4\"> TRABAJEMOS JUNTOS<\/h2>\n\n\n\n<div id=\"wp-block-themeisle-blocks-button-group-5977536b\" class=\"wp-block-themeisle-blocks-button-group wp-block-buttons align-center\">\n<div id=\"wp-block-themeisle-blocks-button-95a196fa\" class=\"wp-block-themeisle-blocks-button wp-block-button\"><a href=\"https:\/\/xpertwp.com\/es\/contacto\/\" target=\"_self\" rel=\"noopener noreferrer\" class=\"wp-block-button__link\"><span> Get in touch! <\/span><\/a><\/div>\n<\/div>\n<\/div>\n<\/div><\/div>\n","protected":false},"excerpt":{"rendered":"","protected":false},"author":1,"featured_media":0,"parent":0,"menu_order":0,"comment_status":"closed","ping_status":"closed","template":"page-templates\/template-pagebuilder-full-width.php","meta":{"_monsterinsights_skip_tracking":false,"_monsterinsights_sitenote_active":false,"_monsterinsights_sitenote_note":"","_monsterinsights_sitenote_category":0,"neve_meta_sidebar":"full-width","neve_meta_container":"","neve_meta_enable_content_width":"on","neve_meta_content_width":100,"neve_meta_title_alignment":"","neve_meta_author_avatar":"","neve_post_elements_order":"","neve_meta_disable_header":"","neve_meta_disable_footer":"","neve_meta_disable_title":"","_themeisle_gutenberg_block_has_review":false,"footnotes":""},"class_list":["post-398","page","type-page","status-publish","hentry"],"aioseo_notices":[],"_links":{"self":[{"href":"https:\/\/xpertwp.com\/es\/wp-json\/wp\/v2\/pages\/398","targetHints":{"allow":["GET"]}}],"collection":[{"href":"https:\/\/xpertwp.com\/es\/wp-json\/wp\/v2\/pages"}],"about":[{"href":"https:\/\/xpertwp.com\/es\/wp-json\/wp\/v2\/types\/page"}],"author":[{"embeddable":true,"href":"https:\/\/xpertwp.com\/es\/wp-json\/wp\/v2\/users\/1"}],"replies":[{"embeddable":true,"href":"https:\/\/xpertwp.com\/es\/wp-json\/wp\/v2\/comments?post=398"}],"version-history":[{"count":1,"href":"https:\/\/xpertwp.com\/es\/wp-json\/wp\/v2\/pages\/398\/revisions"}],"predecessor-version":[{"id":399,"href":"https:\/\/xpertwp.com\/es\/wp-json\/wp\/v2\/pages\/398\/revisions\/399"}],"wp:attachment":[{"href":"https:\/\/xpertwp.com\/es\/wp-json\/wp\/v2\/media?parent=398"}],"curies":[{"name":"wp","href":"https:\/\/api.w.org\/{rel}","templated":true}]}}