{"id":390,"date":"2020-03-17T07:09:43","date_gmt":"2020-03-17T07:09:43","guid":{"rendered":"https:\/\/xpertwp.com\/casa\/"},"modified":"2025-03-04T20:52:46","modified_gmt":"2025-03-04T20:52:46","slug":"casa","status":"publish","type":"page","link":"https:\/\/xpertwp.com\/es\/","title":{"rendered":"Casa"},"content":{"rendered":"\n<div id=\"wp-block-themeisle-blocks-advanced-columns-19df2118\" class=\"wp-block-themeisle-blocks-advanced-columns has-2-columns has-desktop-equal-layout has-tablet-equal-layout has-mobile-collapsedRows-layout has-vertical-unset\"><div class=\"wp-block-themeisle-blocks-advanced-columns-overlay\"><\/div><div class=\"innerblocks-wrap\">\n<div id=\"wp-block-themeisle-blocks-advanced-column-56d6cbf7\" class=\"wp-block-themeisle-blocks-advanced-column\"><\/div>\n\n\n\n<div id=\"wp-block-themeisle-blocks-advanced-column-e4e409fa\" class=\"wp-block-themeisle-blocks-advanced-column has-dark-bg\">\n<h1 id=\"wp-block-themeisle-blocks-advanced-heading-812122fe\" class=\"wp-block-themeisle-blocks-advanced-heading wp-block-themeisle-blocks-advanced-heading-812122fe\">\u00bfNecesitas un DESARROLLADOR WordPress?<\/h1>\n\n\n\n<p class=\"has-white-color has-text-color\">Soy un desarrollador experimentado de sitios web de WP. Puedo realizar el sitio web que siempre has querido. Me especializo en WooCommerce, entornos multimoneda y multiling\u00fce.<br\/><\/p>\n\n\n\n<div style=\"height:20px\" aria-hidden=\"true\" class=\"wp-block-spacer\"><\/div>\n\n\n\n<div id=\"wp-block-themeisle-blocks-button-group-64e7bb05\" class=\"wp-block-themeisle-blocks-button-group wp-block-buttons\">\n<div id=\"wp-block-themeisle-blocks-button-d4369420\" class=\"wp-block-themeisle-blocks-button wp-block-button\"><a href=\"https:\/\/xpertwp.com\/es\/sobre-mi\/\" target=\"_self\" rel=\"noopener noreferrer\" class=\"wp-block-button__link\"><span> Aprende m\u00e1s <\/span><\/a><\/div>\n<\/div>\n<\/div>\n<\/div><\/div>\n\n<div id=\"wp-block-themeisle-blocks-advanced-columns-fe6b83d2\" class=\"wp-block-themeisle-blocks-advanced-columns has-2-columns has-desktop-equal-layout has-tablet-equal-layout has-mobile-collapsedRows-layout has-vertical-unset\"><div class=\"wp-block-themeisle-blocks-advanced-columns-overlay\"><\/div><div class=\"innerblocks-wrap\">\n<div id=\"wp-block-themeisle-blocks-advanced-column-0616c2ee\" class=\"wp-block-themeisle-blocks-advanced-column\">\n<h2 id=\"wp-block-themeisle-blocks-advanced-heading-a4e45ef3\" class=\"wp-block-themeisle-blocks-advanced-heading wp-block-themeisle-blocks-advanced-heading-a4e45ef3\">Llegar a conocerme<\/h2>\n\n\n\n<p>Hola, mi nombre es Claude Gobeil y he estado en el sector de TI durante los \u00faltimos 35 a\u00f1os. Los proyectos de desarrollo web han sido mi principal inter\u00e9s durante los \u00faltimos 10 a\u00f1os. Decid\u00ed centrarme en el entorno de WordPress. Utilizo muchas herramientas de desarrollo y constructores web para lograr los sitios web deseados para mis clientes.    <\/p>\n<\/div>\n\n\n\n<div id=\"wp-block-themeisle-blocks-advanced-column-3538a089\" class=\"wp-block-themeisle-blocks-advanced-column\">\n<figure class=\"wp-block-image size-large\"><img decoding=\"async\" src=\"data:image\/gif;base64,R0lGODlhAQABAIAAAAAAAP\/\/\/yH5BAEAAAAALAAAAAABAAEAAAIBRAA7\" data-src=\"https:\/\/xpertwp.com\/wp-content\/uploads\/2022\/01\/simple-website-design-1024x640.jpg\" alt=\"\" class=\"wp-image-159 lazyload\"\/><noscript><img decoding=\"async\" width=\"1024\" height=\"640\" src=\"https:\/\/xpertwp.com\/wp-content\/uploads\/2022\/01\/simple-website-design-1024x640.jpg\" alt=\"\" class=\"wp-image-159 lazyload\" srcset=\"https:\/\/xpertwp.com\/wp-content\/uploads\/2022\/01\/simple-website-design-1024x640.jpg 1024w, https:\/\/xpertwp.com\/wp-content\/uploads\/2022\/01\/simple-website-design-300x188.jpg 300w, https:\/\/xpertwp.com\/wp-content\/uploads\/2022\/01\/simple-website-design-768x480.jpg 768w, https:\/\/xpertwp.com\/wp-content\/uploads\/2022\/01\/simple-website-design-1536x960.jpg 1536w, https:\/\/xpertwp.com\/wp-content\/uploads\/2022\/01\/simple-website-design-18x12.jpg 18w, https:\/\/xpertwp.com\/wp-content\/uploads\/2022\/01\/simple-website-design.jpg 1920w\" sizes=\"(max-width: 1024px) 100vw, 1024px\" \/><\/noscript><\/figure>\n<\/div>\n<\/div><\/div>\n\n<div id=\"wp-block-themeisle-blocks-advanced-columns-e9a5e118\" class=\"wp-block-themeisle-blocks-advanced-columns has-2-columns has-desktop-equal-layout has-tablet-equal-layout has-mobile-equal-layout has-vertical-unset has-dark-bg\"><div class=\"wp-block-themeisle-blocks-advanced-columns-overlay\"><\/div><div class=\"innerblocks-wrap\">\n<div id=\"wp-block-themeisle-blocks-advanced-column-925cecba\" class=\"wp-block-themeisle-blocks-advanced-column\">\n<h2 class=\"wp-block-heading has-nv-site-bg-background-color has-text-color has-background\" id=\"my-skillset\" style=\"color:#0f073f\">Mi conjunto de habilidades<\/h2>\n<\/div>\n\n\n\n<div id=\"wp-block-themeisle-blocks-advanced-column-cc5b6efd\" class=\"wp-block-themeisle-blocks-advanced-column\"><\/div>\n<\/div><\/div>\n\n<div id=\"wp-block-themeisle-blocks-advanced-columns-8dc1928f\" class=\"wp-block-themeisle-blocks-advanced-columns has-3-columns has-desktop-equal-layout has-tablet-equal-layout has-mobile-collapsedRows-layout has-vertical-unset has-dark-bg\"><div class=\"wp-block-themeisle-blocks-advanced-columns-overlay\"><\/div><div class=\"innerblocks-wrap\">\n<div id=\"wp-block-themeisle-blocks-advanced-column-e1a72c77\" class=\"wp-block-themeisle-blocks-advanced-column\">\n<p class=\"wp-block-themeisle-blocks-font-awesome-icons\" id=\"wp-block-themeisle-blocks-font-awesome-icons-83ee9fb7\"><span class=\"wp-block-themeisle-blocks-font-awesome-icons-container\"><svg xmlns=\"http:\/\/www.w3.org\/2000\/svg\" viewbox=\"0 0 1800 1800\" role=\"img\" aria-hidden=\"true\"><path d=\"M1720.335,5.563H85.245c-43.937,0-79.679,35.739-79.679,79.667v1635.1c0,43.928,35.743,79.67,79.679,79.67 h1635.09c43.927,0,79.665-35.742,79.665-79.67V85.23C1800,41.302,1764.262,5.563,1720.335,5.563z M85.245,68.575h1635.09 c9.182,0,16.653,7.473,16.653,16.655v195.532H68.578V85.23C68.578,76.048,76.055,68.575,85.245,68.575z M1720.335,1736.988H85.245 c-9.19,0-16.667-7.472-16.667-16.658V343.774h1668.41V1720.33C1736.988,1729.517,1729.517,1736.988,1720.335,1736.988z\"><\/path><path d=\"M1518.679,1150.928H333.948c-47.154,0-85.517,38.363-85.517,85.517v315.061 c0,47.152,38.363,85.516,85.517,85.516h1184.73c47.154,0,85.518-38.363,85.518-85.516v-315.061 C1604.196,1189.291,1565.833,1150.928,1518.679,1150.928z M1541.184,1551.505c0,12.403-10.096,22.504-22.505,22.504H333.948 c-12.409,0-22.504-10.101-22.504-22.504v-315.061c0-12.412,10.096-22.505,22.504-22.505h1184.73 c12.409,0,22.505,10.093,22.505,22.505V1551.505z\"><\/path><path d=\"M333.948,913.886h305.565c47.153,0,85.517-38.365,85.517-85.519V522.802 c0-47.154-38.363-85.516-85.517-85.516H333.948c-47.154,0-85.517,38.362-85.517,85.516v305.565 C248.432,875.521,286.794,913.886,333.948,913.886z M311.444,522.802c0-12.408,10.096-22.504,22.504-22.504h305.565 c12.408,0,22.505,10.096,22.505,22.504v305.565c0,12.408-10.097,22.505-22.505,22.505H333.948 c-12.409,0-22.504-10.097-22.504-22.505V522.802z\"><\/path><path d=\"M1572.689,996.396H279.938c-17.401,0-31.506,14.108-31.506,31.505c0,17.406,14.105,31.507,31.506,31.507 h1292.751c17.401,0,31.507-14.101,31.507-31.507C1604.196,1010.505,1590.091,996.396,1572.689,996.396z\"><\/path><path d=\"M1572.689,832.116H858.558c-17.402,0-31.507,14.105-31.507,31.507c0,17.401,14.105,31.505,31.507,31.505 h714.132c17.401,0,31.507-14.104,31.507-31.505C1604.196,846.222,1590.091,832.116,1572.689,832.116z\"><\/path><path d=\"M1572.689,643.081H858.558c-17.402,0-31.507,14.105-31.507,31.506c0,17.401,14.105,31.505,31.507,31.505 h714.132c17.401,0,31.507-14.104,31.507-31.505C1604.196,657.186,1590.091,643.081,1572.689,643.081z\"><\/path><path d=\"M1572.689,454.044H858.558c-17.402,0-31.507,14.105-31.507,31.507c0,17.401,14.105,31.505,31.507,31.505 h714.132c17.401,0,31.507-14.104,31.507-31.505C1604.196,468.15,1590.091,454.044,1572.689,454.044z\"><\/path><circle cx=\"204.913\" cy=\"171.616\" r=\"50.635\"><\/circle><circle cx=\"364.694\" cy=\"171.616\" r=\"50.635\"><\/circle><circle cx=\"524.474\" cy=\"171.616\" r=\"50.635\"><\/circle><\/svg><\/span><\/p>\n\n\n\n<h2 id=\"wp-block-themeisle-blocks-advanced-heading-ebb84f5c\" class=\"wp-block-themeisle-blocks-advanced-heading wp-block-themeisle-blocks-advanced-heading-ebb84f5c\"> DESARROLLO WEB<\/h2>\n\n\n\n<p class=\"has-text-align-center has-white-color has-text-color\">De principio a fin, un hermoso sitio web.<br\/><\/p>\n<\/div>\n\n\n\n<div id=\"wp-block-themeisle-blocks-advanced-column-7585963a\" class=\"wp-block-themeisle-blocks-advanced-column\">\n<p class=\"wp-block-themeisle-blocks-font-awesome-icons\" id=\"wp-block-themeisle-blocks-font-awesome-icons-37d7b6e6\"><span class=\"wp-block-themeisle-blocks-font-awesome-icons-container\"><svg xmlns=\"http:\/\/www.w3.org\/2000\/svg\" viewbox=\"0 0 1800 1800\" role=\"img\" aria-hidden=\"true\"><path d=\"M1346.861,3.943h-893.72c-45.89,0-83.232,37.339-83.232,83.229v1625.653 c0,45.891,37.342,83.23,83.232,83.23h893.72c45.891,0,83.229-37.34,83.229-83.23V87.173 C1430.091,41.283,1392.752,3.943,1346.861,3.943z M453.141,66.61h893.72c11.34,0,20.563,9.223,20.563,20.563v172.719H432.578 V87.173C432.578,75.833,441.801,66.61,453.141,66.61z M1367.424,291.234v1169.788H432.578V291.234H1367.424z M1346.861,1733.39 h-893.72c-11.34,0-20.563-9.224-20.563-20.563v-220.47h934.846v220.47C1367.424,1724.166,1358.201,1733.39,1346.861,1733.39z\"><\/path><path d=\"M949.946,143.519h-43.739h-12.412h-43.74c-8.655,0-15.667,7.012-15.667,15.667 c0,8.646,7.012,15.667,15.667,15.667h43.74h12.412h43.739c8.655,0,15.667-7.021,15.667-15.667 C965.613,150.531,958.602,143.519,949.946,143.519z\"><\/path><path d=\"M900.002,1538.701c-39.779,0-72.144,32.355-72.144,72.135c0,39.778,32.365,72.145,72.144,72.145 c39.777,0,72.142-32.366,72.142-72.145C972.144,1571.057,939.779,1538.701,900.002,1538.701z M900.002,1651.646 c-22.503,0-40.81-18.307-40.81-40.811c0-22.495,18.307-40.802,40.81-40.802c22.501,0,40.809,18.307,40.809,40.802 C940.811,1633.34,922.503,1651.646,900.002,1651.646z\"><\/path><\/svg><\/span><\/p>\n\n\n\n<h2 id=\"wp-block-themeisle-blocks-advanced-heading-a9b030f9\" class=\"wp-block-themeisle-blocks-advanced-heading wp-block-themeisle-blocks-advanced-heading-a9b030f9\"> APLICACIONES M\u00d3VILES<\/h2>\n\n\n\n<p class=\"has-text-align-center has-white-color has-text-color\">Experiencia en desarrollo de aplicaciones m\u00f3viles.<\/p>\n<\/div>\n\n\n\n<div id=\"wp-block-themeisle-blocks-advanced-column-a3a7ebb3\" class=\"wp-block-themeisle-blocks-advanced-column\">\n<p class=\"wp-block-themeisle-blocks-font-awesome-icons\" id=\"wp-block-themeisle-blocks-font-awesome-icons-939a3f9e\"><span class=\"wp-block-themeisle-blocks-font-awesome-icons-container\"><svg xmlns=\"http:\/\/www.w3.org\/2000\/svg\" viewbox=\"0 0 1800 1800\" role=\"img\" aria-hidden=\"true\"><path d=\"M872.831,1326.446c-1.999,0.113-3.853-0.183-5.733-0.53c-6.064-1.076-11.863-3.945-16.53-8.611 l-514.859-514.86c-5.852-5.855-9.138-13.792-9.138-22.068c0-8.275,3.287-16.212,9.142-22.067L455.5,638.535 c12.189-12.185,31.954-12.185,44.126,0l373.109,373.1l727.884-727.89c12.189-12.185,31.949-12.185,44.131,0l119.788,119.784 c5.855,5.851,9.142,13.792,9.142,22.067s-3.286,16.212-9.137,22.063l-869.649,869.645 C889.043,1323.155,881.106,1326.446,872.831,1326.446z M401.905,780.377l470.825,470.83l825.614-825.61l-75.657-75.653 l-727.885,727.889c-12.19,12.186-31.95,12.186-44.13,0L477.563,704.729L401.905,780.377z\"><\/path><path d=\"M1692.376,662.67c22.568,75.209,34.758,154.872,34.758,237.334c0,456.08-371.054,827.129-827.138,827.129 c-456.08,0-827.129-371.05-827.129-827.129c0-456.084,371.049-827.138,827.129-827.138c213.186,0,407.787,81.086,554.605,214.022 l44.161-44.165C1340.604,98.513,1130.391,10.456,899.996,10.456c-490.494,0-889.54,399.051-889.54,889.548 s399.046,889.54,889.54,889.54c490.498,0,889.548-399.042,889.548-889.54c0-100.372-16.734-196.909-47.517-286.985 L1692.376,662.67z\"><\/path><\/svg><\/span><\/p>\n\n\n\n<h2 id=\"wp-block-themeisle-blocks-advanced-heading-bf1f0b30\" class=\"wp-block-themeisle-blocks-advanced-heading wp-block-themeisle-blocks-advanced-heading-bf1f0b30\"> REVISI\u00d3N DE C\u00d3DIGO<\/h2>\n\n\n\n<p class=\"has-text-align-center has-white-color has-text-color\">Asesoramiento experto para un c\u00f3digo consistente y seguro.<br\/><\/p>\n<\/div>\n<\/div><\/div>\n\n<div id=\"wp-block-themeisle-blocks-advanced-columns-2f09ccbc\" class=\"wp-block-themeisle-blocks-advanced-columns has-2-columns has-desktop-equal-layout has-tablet-equal-layout has-mobile-collapsedRows-layout has-vertical-unset\"><div class=\"wp-block-themeisle-blocks-advanced-columns-overlay\"><\/div><div class=\"innerblocks-wrap\">\n<div id=\"wp-block-themeisle-blocks-advanced-column-437005d4\" class=\"wp-block-themeisle-blocks-advanced-column\">\n<h2 id=\"wp-block-themeisle-blocks-advanced-heading-783e06bb\" class=\"wp-block-themeisle-blocks-advanced-heading wp-block-themeisle-blocks-advanced-heading-783e06bb\">LA EXPERIENCIA SE ENCUENTRA CON LA EXPERIENCIA<\/h2>\n\n\n\n<p>Su sitio web debe estar vivo y mantener a sus clientes atentos. Me aseguro de estar siempre al tanto de los \u00faltimos desarrollos en implementaci\u00f3n, personalizaci\u00f3n e integraci\u00f3n para crear la experiencia m\u00e1s satisfactoria y de mayor rendimiento. <br\/><\/p>\n\n\n\n<div style=\"height:1px\" aria-hidden=\"true\" class=\"wp-block-spacer\"><\/div>\n\n\n\n<div id=\"wp-block-themeisle-blocks-button-group-2c142111\" class=\"wp-block-themeisle-blocks-button-group wp-block-buttons\">\n<div id=\"wp-block-themeisle-blocks-button-3bda2698\" class=\"wp-block-themeisle-blocks-button wp-block-button\"><a href=\"https:\/\/xpertwp.com\/es\/portafolio\/\" target=\"_self\" rel=\"noopener noreferrer\" class=\"wp-block-button__link\"><span> Ver Portafolio <\/span><\/a><\/div>\n<\/div>\n<\/div>\n\n\n\n<div id=\"wp-block-themeisle-blocks-advanced-column-72990bb4\" class=\"wp-block-themeisle-blocks-advanced-column\">\n<figure class=\"wp-block-image size-large\"><img decoding=\"async\" src=\"data:image\/gif;base64,R0lGODlhAQABAIAAAAAAAP\/\/\/yH5BAEAAAAALAAAAAABAAEAAAIBRAA7\" data-src=\"https:\/\/xpertwp.com\/wp-content\/uploads\/2019\/09\/neve-freelancer-15.jpg\" alt=\"\" class=\"wp-image-62 lazyload\"\/><noscript><img decoding=\"async\" width=\"600\" height=\"600\" src=\"https:\/\/xpertwp.com\/wp-content\/uploads\/2019\/09\/neve-freelancer-15.jpg\" alt=\"\" class=\"wp-image-62 lazyload\" srcset=\"https:\/\/xpertwp.com\/wp-content\/uploads\/2019\/09\/neve-freelancer-15.jpg 600w, https:\/\/xpertwp.com\/wp-content\/uploads\/2019\/09\/neve-freelancer-15-300x300.jpg 300w, https:\/\/xpertwp.com\/wp-content\/uploads\/2019\/09\/neve-freelancer-15-150x150.jpg 150w, https:\/\/xpertwp.com\/wp-content\/uploads\/2019\/09\/neve-freelancer-15-12x12.jpg 12w\" sizes=\"(max-width: 600px) 100vw, 600px\" \/><\/noscript><\/figure>\n<\/div>\n<\/div><\/div>\n\n<div class=\"wp-block-themeisle-blocks-advanced-columns has-3-columns has-desktop-equal-layout has-tablet-equal-layout has-mobile-collapsedRows-layout has-default-gap has-vertical-unset\" id=\"wp-block-themeisle-blocks-advanced-columns-7788132a\"><div class=\"wp-block-themeisle-blocks-advanced-columns-overlay\"><\/div><div class=\"innerblocks-wrap\">\n<div class=\"wp-block-themeisle-blocks-advanced-column\" id=\"wp-block-themeisle-blocks-advanced-column-e8772b0c\">\n<figure class=\"wp-block-image size-large\"><img decoding=\"async\" src=\"data:image\/gif;base64,R0lGODlhAQABAIAAAAAAAP\/\/\/yH5BAEAAAAALAAAAAABAAEAAAIBRAA7\" data-src=\"https:\/\/xpertwp.com\/wp-content\/uploads\/2019\/09\/neve-freelancer-14.jpg\" alt=\"\" class=\"wp-image-61 lazyload\"\/><noscript><img decoding=\"async\" width=\"360\" height=\"400\" src=\"https:\/\/xpertwp.com\/wp-content\/uploads\/2019\/09\/neve-freelancer-14.jpg\" alt=\"\" class=\"wp-image-61 lazyload\" srcset=\"https:\/\/xpertwp.com\/wp-content\/uploads\/2019\/09\/neve-freelancer-14.jpg 360w, https:\/\/xpertwp.com\/wp-content\/uploads\/2019\/09\/neve-freelancer-14-270x300.jpg 270w, https:\/\/xpertwp.com\/wp-content\/uploads\/2019\/09\/neve-freelancer-14-11x12.jpg 11w\" sizes=\"(max-width: 360px) 100vw, 360px\" \/><\/noscript><\/figure>\n<\/div>\n\n\n\n<div class=\"wp-block-themeisle-blocks-advanced-column\" id=\"wp-block-themeisle-blocks-advanced-column-f2effe84\">\n<figure class=\"wp-block-image size-large\"><img decoding=\"async\" src=\"data:image\/gif;base64,R0lGODlhAQABAIAAAAAAAP\/\/\/yH5BAEAAAAALAAAAAABAAEAAAIBRAA7\" data-src=\"https:\/\/xpertwp.com\/wp-content\/uploads\/2019\/09\/neve-freelancer-01.jpg\" alt=\"\" class=\"wp-image-48 lazyload\"\/><noscript><img decoding=\"async\" width=\"360\" height=\"400\" src=\"https:\/\/xpertwp.com\/wp-content\/uploads\/2019\/09\/neve-freelancer-01.jpg\" alt=\"\" class=\"wp-image-48 lazyload\" srcset=\"https:\/\/xpertwp.com\/wp-content\/uploads\/2019\/09\/neve-freelancer-01.jpg 360w, https:\/\/xpertwp.com\/wp-content\/uploads\/2019\/09\/neve-freelancer-01-270x300.jpg 270w, https:\/\/xpertwp.com\/wp-content\/uploads\/2019\/09\/neve-freelancer-01-11x12.jpg 11w\" sizes=\"(max-width: 360px) 100vw, 360px\" \/><\/noscript><\/figure>\n<\/div>\n\n\n\n<div class=\"wp-block-themeisle-blocks-advanced-column\" id=\"wp-block-themeisle-blocks-advanced-column-e0e015d3\">\n<figure class=\"wp-block-image size-large\"><img decoding=\"async\" src=\"data:image\/gif;base64,R0lGODlhAQABAIAAAAAAAP\/\/\/yH5BAEAAAAALAAAAAABAAEAAAIBRAA7\" data-src=\"https:\/\/xpertwp.com\/wp-content\/uploads\/2019\/09\/neve-freelancer-03.jpg\" alt=\"\" class=\"wp-image-50 lazyload\"\/><noscript><img decoding=\"async\" width=\"360\" height=\"400\" src=\"https:\/\/xpertwp.com\/wp-content\/uploads\/2019\/09\/neve-freelancer-03.jpg\" alt=\"\" class=\"wp-image-50 lazyload\" srcset=\"https:\/\/xpertwp.com\/wp-content\/uploads\/2019\/09\/neve-freelancer-03.jpg 360w, https:\/\/xpertwp.com\/wp-content\/uploads\/2019\/09\/neve-freelancer-03-270x300.jpg 270w, https:\/\/xpertwp.com\/wp-content\/uploads\/2019\/09\/neve-freelancer-03-11x12.jpg 11w\" sizes=\"(max-width: 360px) 100vw, 360px\" \/><\/noscript><\/figure>\n<\/div>\n<\/div><\/div>\n\n<div class=\"wp-block-themeisle-blocks-advanced-columns has-1-columns has-desktop-equal-layout has-tablet-equal-layout has-mobile-equal-layout has-default-gap has-vertical-unset\" id=\"wp-block-themeisle-blocks-advanced-columns-7e0eaaa1\"><div class=\"wp-block-themeisle-blocks-advanced-columns-overlay\"><\/div><div class=\"innerblocks-wrap\">\n<div class=\"wp-block-themeisle-blocks-advanced-column\" id=\"wp-block-themeisle-blocks-advanced-column-5d3aeeb3\">\n<h4 id=\"wp-block-themeisle-blocks-advanced-heading-8608f2ed\" class=\"wp-block-themeisle-blocks-advanced-heading wp-block-themeisle-blocks-advanced-heading-8608f2ed\"> <strong>\u00bfNECESITAS AYUDA CON TU PROYECTO?<\/strong><\/h4>\n\n\n\n<h2 id=\"wp-block-themeisle-blocks-advanced-heading-321c6eb4\" class=\"wp-block-themeisle-blocks-advanced-heading wp-block-themeisle-blocks-advanced-heading-321c6eb4\"> TRABAJEMOS JUNTOS<\/h2>\n\n\n\n<div id=\"wp-block-themeisle-blocks-button-group-5977536b\" class=\"wp-block-themeisle-blocks-button-group wp-block-buttons align-center\">\n<div id=\"wp-block-themeisle-blocks-button-95a196fa\" class=\"wp-block-themeisle-blocks-button wp-block-button\"><a href=\"https:\/\/xpertwp.com\/es\/contacto\/\" target=\"_self\" rel=\"noopener noreferrer\" class=\"wp-block-button__link\"><span> Get in touch! <\/span><\/a><\/div>\n<\/div>\n<\/div>\n<\/div><\/div>\n","protected":false},"excerpt":{"rendered":"","protected":false},"author":1,"featured_media":387,"parent":0,"menu_order":0,"comment_status":"closed","ping_status":"closed","template":"page-templates\/template-pagebuilder-full-width.php","meta":{"_monsterinsights_skip_tracking":false,"_monsterinsights_sitenote_active":false,"_monsterinsights_sitenote_note":"","_monsterinsights_sitenote_category":0,"neve_meta_sidebar":"full-width","neve_meta_container":"","neve_meta_enable_content_width":"on","neve_meta_content_width":100,"neve_meta_title_alignment":"","neve_meta_author_avatar":"","neve_post_elements_order":"","neve_meta_disable_header":"off","neve_meta_disable_footer":"","neve_meta_disable_title":"","_themeisle_gutenberg_block_has_review":false,"footnotes":""},"class_list":["post-390","page","type-page","status-publish","has-post-thumbnail","hentry"],"aioseo_notices":[],"_links":{"self":[{"href":"https:\/\/xpertwp.com\/es\/wp-json\/wp\/v2\/pages\/390","targetHints":{"allow":["GET"]}}],"collection":[{"href":"https:\/\/xpertwp.com\/es\/wp-json\/wp\/v2\/pages"}],"about":[{"href":"https:\/\/xpertwp.com\/es\/wp-json\/wp\/v2\/types\/page"}],"author":[{"embeddable":true,"href":"https:\/\/xpertwp.com\/es\/wp-json\/wp\/v2\/users\/1"}],"replies":[{"embeddable":true,"href":"https:\/\/xpertwp.com\/es\/wp-json\/wp\/v2\/comments?post=390"}],"version-history":[{"count":8,"href":"https:\/\/xpertwp.com\/es\/wp-json\/wp\/v2\/pages\/390\/revisions"}],"predecessor-version":[{"id":449,"href":"https:\/\/xpertwp.com\/es\/wp-json\/wp\/v2\/pages\/390\/revisions\/449"}],"wp:featuredmedia":[{"embeddable":true,"href":"https:\/\/xpertwp.com\/es\/wp-json\/wp\/v2\/media\/387"}],"wp:attachment":[{"href":"https:\/\/xpertwp.com\/es\/wp-json\/wp\/v2\/media?parent=390"}],"curies":[{"name":"wp","href":"https:\/\/api.w.org\/{rel}","templated":true}]}}